{"id":171,"date":"2016-10-30T12:40:41","date_gmt":"2016-10-30T11:40:41","guid":{"rendered":"https:\/\/oceanwp.org\/travel\/?page_id=171"},"modified":"2022-05-08T15:57:35","modified_gmt":"2022-05-08T13:57:35","slug":"home","status":"publish","type":"page","link":"https:\/\/larapiette.fr\/","title":{"rendered":"Accueil"},"content":{"rendered":"\t\t<div data-elementor-type=\"wp-page\" data-elementor-id=\"171\" class=\"elementor elementor-171\" data-elementor-settings=\"[]\">\n\t\t\t\t\t\t<div class=\"elementor-inner\">\n\t\t\t\t\t\t\t<div class=\"elementor-section-wrap\">\n\t\t\t\t\t\t\t<section class=\"elementor-section elementor-top-section elementor-element elementor-element-xzv1c7c elementor-section-boxed elementor-section-height-default elementor-section-height-default\" data-id=\"xzv1c7c\" data-element_type=\"section\" data-settings=\"{&quot;background_background&quot;:&quot;classic&quot;}\">\n\t\t\t\t\t\t<div class=\"elementor-container elementor-column-gap-default\">\n\t\t\t\t\t\t\t<div class=\"elementor-row\">\n\t\t\t\t\t<div class=\"elementor-column elementor-col-33 elementor-top-column elementor-element elementor-element-1m6w5cw\" data-id=\"1m6w5cw\" data-element_type=\"column\">\n\t\t\t<div class=\"elementor-column-wrap elementor-element-populated\">\n\t\t\t\t\t\t\t<div class=\"elementor-widget-wrap\">\n\t\t\t\t\t\t<div class=\"elementor-element elementor-element-e5psqw1 elementor-widget elementor-widget-heading\" data-id=\"e5psqw1\" data-element_type=\"widget\" data-widget_type=\"heading.default\">\n\t\t\t\t<div class=\"elementor-widget-container\">\n\t\t\t<h1 class=\"elementor-heading-title elementor-size-default\">G\u00eete La Rapiette<\/h1>\t\t<\/div>\n\t\t\t\t<\/div>\n\t\t\t\t<div class=\"elementor-element elementor-element-60ad0bd elementor-widget elementor-widget-spacer\" data-id=\"60ad0bd\" data-element_type=\"widget\" data-widget_type=\"spacer.default\">\n\t\t\t\t<div class=\"elementor-widget-container\">\n\t\t\t\t\t<div class=\"elementor-spacer\">\n\t\t\t<div class=\"elementor-spacer-inner\"><\/div>\n\t\t<\/div>\n\t\t\t\t<\/div>\n\t\t\t\t<\/div>\n\t\t\t\t<div class=\"elementor-element elementor-element-67aa4ed elementor-widget elementor-widget-image\" data-id=\"67aa4ed\" data-element_type=\"widget\" data-widget_type=\"image.default\">\n\t\t\t\t<div class=\"elementor-widget-container\">\n\t\t\t\t\t<div class=\"elementor-image\">\n\t\t\t\t\t\t\t\t\t\t<img src=\"https:\/\/larapiette.fr\/wp-content\/uploads\/elementor\/thumbs\/TROPHEES-LOGO-poilrnsdmp3lwb9t3y6i3t6p3j504rh3puzai0ptxc.png\" title=\"TROPHEES +LOGO\" alt=\"TROPHEES +LOGO\" \/>\t\t\t\t\t\t\t\t\t\t\t<\/div>\n\t\t\t\t<\/div>\n\t\t\t\t<\/div>\n\t\t\t\t<div class=\"elementor-element elementor-element-9e6accd elementor-widget elementor-widget-spacer\" data-id=\"9e6accd\" data-element_type=\"widget\" data-widget_type=\"spacer.default\">\n\t\t\t\t<div class=\"elementor-widget-container\">\n\t\t\t\t\t<div class=\"elementor-spacer\">\n\t\t\t<div class=\"elementor-spacer-inner\"><\/div>\n\t\t<\/div>\n\t\t\t\t<\/div>\n\t\t\t\t<\/div>\n\t\t\t\t<div class=\"elementor-element elementor-element-12ayfq6 animated-slow elementor-invisible elementor-widget elementor-widget-text-editor\" data-id=\"12ayfq6\" data-element_type=\"widget\" data-settings=\"{&quot;_animation&quot;:&quot;zoomIn&quot;}\" data-widget_type=\"text-editor.default\">\n\t\t\t\t<div class=\"elementor-widget-container\">\n\t\t\t\t\t<div class=\"elementor-text-editor elementor-clearfix\"><p>Vacances au c\u0153ur de la Corr\u00e8ze<\/p><p>\u00e0 Gimel les Cascades<\/p><\/div>\n\t\t\t\t<\/div>\n\t\t\t\t<\/div>\n\t\t\t\t<div class=\"elementor-element elementor-element-713d744 elementor-widget elementor-widget-spacer\" data-id=\"713d744\" data-element_type=\"widget\" data-widget_type=\"spacer.default\">\n\t\t\t\t<div class=\"elementor-widget-container\">\n\t\t\t\t\t<div class=\"elementor-spacer\">\n\t\t\t<div class=\"elementor-spacer-inner\"><\/div>\n\t\t<\/div>\n\t\t\t\t<\/div>\n\t\t\t\t<\/div>\n\t\t\t\t\t\t<\/div>\n\t\t\t\t\t<\/div>\n\t\t<\/div>\n\t\t\t\t<div class=\"elementor-column elementor-col-33 elementor-top-column elementor-element elementor-element-5pbrfdr elementor-hidden-phone\" data-id=\"5pbrfdr\" data-element_type=\"column\">\n\t\t\t<div class=\"elementor-column-wrap\">\n\t\t\t\t\t\t\t<div class=\"elementor-widget-wrap\">\n\t\t\t\t\t\t\t\t<\/div>\n\t\t\t\t\t<\/div>\n\t\t<\/div>\n\t\t\t\t<div class=\"elementor-column elementor-col-33 elementor-top-column elementor-element elementor-element-faab204\" data-id=\"faab204\" data-element_type=\"column\">\n\t\t\t<div class=\"elementor-column-wrap elementor-element-populated\">\n\t\t\t\t\t\t\t<div class=\"elementor-widget-wrap\">\n\t\t\t\t\t\t<div class=\"elementor-element elementor-element-6b90915 elementor-widget elementor-widget-image\" data-id=\"6b90915\" data-element_type=\"widget\" data-widget_type=\"image.default\">\n\t\t\t\t<div class=\"elementor-widget-container\">\n\t\t\t\t\t<div class=\"elementor-image\">\n\t\t\t\t\t\t\t\t\t\t<img width=\"1024\" height=\"576\" src=\"https:\/\/larapiette.fr\/wp-content\/uploads\/2021\/01\/location-vacances-gite-gimel-correze-01-1024x576.jpg\" class=\"attachment-large size-large\" alt=\"gite-rapiette\" loading=\"lazy\" srcset=\"https:\/\/larapiette.fr\/wp-content\/uploads\/2021\/01\/location-vacances-gite-gimel-correze-01-1024x576.jpg 1024w, https:\/\/larapiette.fr\/wp-content\/uploads\/2021\/01\/location-vacances-gite-gimel-correze-01-300x169.jpg 300w, https:\/\/larapiette.fr\/wp-content\/uploads\/2021\/01\/location-vacances-gite-gimel-correze-01-768x432.jpg 768w, https:\/\/larapiette.fr\/wp-content\/uploads\/2021\/01\/location-vacances-gite-gimel-correze-01.jpg 1280w\" sizes=\"(max-width: 1024px) 100vw, 1024px\" \/>\t\t\t\t\t\t\t\t\t\t\t<\/div>\n\t\t\t\t<\/div>\n\t\t\t\t<\/div>\n\t\t\t\t<div class=\"elementor-element elementor-element-35016da elementor-widget elementor-widget-spacer\" data-id=\"35016da\" data-element_type=\"widget\" data-widget_type=\"spacer.default\">\n\t\t\t\t<div class=\"elementor-widget-container\">\n\t\t\t\t\t<div class=\"elementor-spacer\">\n\t\t\t<div class=\"elementor-spacer-inner\"><\/div>\n\t\t<\/div>\n\t\t\t\t<\/div>\n\t\t\t\t<\/div>\n\t\t\t\t<div class=\"elementor-element elementor-element-gydt3kn elementor-align-center elementor-widget elementor-widget-button\" data-id=\"gydt3kn\" data-element_type=\"widget\" data-widget_type=\"button.default\">\n\t\t\t\t<div class=\"elementor-widget-container\">\n\t\t\t\t\t<div class=\"elementor-button-wrapper\">\n\t\t\t<a href=\"https:\/\/larapiette.fr\/index.php\/tarifs-et-disponibilites\/\" class=\"elementor-button-link elementor-button elementor-size-xs\" role=\"button\">\n\t\t\t\t\t\t<span class=\"elementor-button-content-wrapper\">\n\t\t\t\t\t\t<span class=\"elementor-button-icon elementor-align-icon-right\">\n\t\t\t\t<i aria-hidden=\"true\" class=\"fas fa-angle-right\"><\/i>\t\t\t<\/span>\n\t\t\t\t\t\t<span class=\"elementor-button-text\">Tarifs et disponibilit\u00e9s<\/span>\n\t\t<\/span>\n\t\t\t\t\t<\/a>\n\t\t<\/div>\n\t\t\t\t<\/div>\n\t\t\t\t<\/div>\n\t\t\t\t\t\t<\/div>\n\t\t\t\t\t<\/div>\n\t\t<\/div>\n\t\t\t\t\t\t\t\t<\/div>\n\t\t\t\t\t<\/div>\n\t\t<\/section>\n\t\t\t\t<section class=\"elementor-section elementor-top-section elementor-element elementor-element-782af9a elementor-section-boxed elementor-section-height-default elementor-section-height-default\" data-id=\"782af9a\" data-element_type=\"section\">\n\t\t\t\t\t\t<div class=\"elementor-container elementor-column-gap-default\">\n\t\t\t\t\t\t\t<div class=\"elementor-row\">\n\t\t\t\t\t<div class=\"elementor-column elementor-col-100 elementor-top-column elementor-element elementor-element-f7340f6\" data-id=\"f7340f6\" data-element_type=\"column\">\n\t\t\t<div class=\"elementor-column-wrap elementor-element-populated\">\n\t\t\t\t\t\t\t<div class=\"elementor-widget-wrap\">\n\t\t\t\t\t\t<div class=\"elementor-element elementor-element-1b4df52 elementor-widget elementor-widget-text-editor\" data-id=\"1b4df52\" data-element_type=\"widget\" data-widget_type=\"text-editor.default\">\n\t\t\t\t<div class=\"elementor-widget-container\">\n\t\t\t\t\t<div class=\"elementor-text-editor elementor-clearfix\"><p>Bienvenue \u00e0 la Rapiette, jolie maison de caract\u00e8re nich\u00e9e dans la verdure, id\u00e9alement situ\u00e9e au coeur\u00a0 de la Corr\u00e8ze, \u00e0 Gimel les Cascades, l&rsquo;un des plus beaux villages du Limousin.<\/p><\/div>\n\t\t\t\t<\/div>\n\t\t\t\t<\/div>\n\t\t\t\t\t\t<\/div>\n\t\t\t\t\t<\/div>\n\t\t<\/div>\n\t\t\t\t\t\t\t\t<\/div>\n\t\t\t\t\t<\/div>\n\t\t<\/section>\n\t\t\t\t<section class=\"elementor-section elementor-top-section elementor-element elementor-element-61b880a elementor-section-boxed elementor-section-height-default elementor-section-height-default\" data-id=\"61b880a\" data-element_type=\"section\">\n\t\t\t\t\t\t<div class=\"elementor-container elementor-column-gap-default\">\n\t\t\t\t\t\t\t<div class=\"elementor-row\">\n\t\t\t\t\t<div class=\"elementor-column elementor-col-50 elementor-top-column elementor-element elementor-element-871a4e2\" data-id=\"871a4e2\" data-element_type=\"column\">\n\t\t\t<div class=\"elementor-column-wrap elementor-element-populated\">\n\t\t\t\t\t\t\t<div class=\"elementor-widget-wrap\">\n\t\t\t\t\t\t<div class=\"elementor-element elementor-element-5530441 elementor-widget elementor-widget-image\" data-id=\"5530441\" data-element_type=\"widget\" data-widget_type=\"image.default\">\n\t\t\t\t<div class=\"elementor-widget-container\">\n\t\t\t\t\t<div class=\"elementor-image\">\n\t\t\t\t\t\t\t\t\t\t<img src=\"https:\/\/larapiette.fr\/wp-content\/uploads\/elementor\/thumbs\/gite-la-rapiette-gimel-les-cascades-p1k2l03tohyyznk3x8ue6ehi1661qc20iaszoo774s.jpg\" title=\"gite la rapiette-gimel les cascades\" alt=\"gite la rapiette-gimel les cascades\" \/>\t\t\t\t\t\t\t\t\t\t\t<\/div>\n\t\t\t\t<\/div>\n\t\t\t\t<\/div>\n\t\t\t\t\t\t<\/div>\n\t\t\t\t\t<\/div>\n\t\t<\/div>\n\t\t\t\t<div class=\"elementor-column elementor-col-50 elementor-top-column elementor-element elementor-element-e32d140\" data-id=\"e32d140\" data-element_type=\"column\">\n\t\t\t<div class=\"elementor-column-wrap elementor-element-populated\">\n\t\t\t\t\t\t\t<div class=\"elementor-widget-wrap\">\n\t\t\t\t\t\t<div class=\"elementor-element elementor-element-753ab6d elementor-widget elementor-widget-text-editor\" data-id=\"753ab6d\" data-element_type=\"widget\" data-widget_type=\"text-editor.default\">\n\t\t\t\t<div class=\"elementor-widget-container\">\n\t\t\t\t\t<div class=\"elementor-text-editor elementor-clearfix\"><p>La Rapiette (mot occitan d\u00e9signant les petits l\u00e9zards du pays), maison ind\u00e9pendante, de style corr\u00e9zien en pierres et ardoises, confortable et d\u00e9cor\u00e9e avec soin, vous s\u00e9duira par son charme et son authenticit\u00e9.<\/p><\/div>\n\t\t\t\t<\/div>\n\t\t\t\t<\/div>\n\t\t\t\t\t\t<\/div>\n\t\t\t\t\t<\/div>\n\t\t<\/div>\n\t\t\t\t\t\t\t\t<\/div>\n\t\t\t\t\t<\/div>\n\t\t<\/section>\n\t\t\t\t<section class=\"elementor-section elementor-top-section elementor-element elementor-element-khuimsb elementor-section-full_width elementor-section-height-default elementor-section-height-default\" data-id=\"khuimsb\" data-element_type=\"section\">\n\t\t\t\t\t\t<div class=\"elementor-container elementor-column-gap-default\">\n\t\t\t\t\t\t\t<div class=\"elementor-row\">\n\t\t\t\t\t<div class=\"elementor-column elementor-col-33 elementor-top-column elementor-element elementor-element-nfzubc8\" data-id=\"nfzubc8\" data-element_type=\"column\">\n\t\t\t<div class=\"elementor-column-wrap elementor-element-populated\">\n\t\t\t\t\t\t\t<div class=\"elementor-widget-wrap\">\n\t\t\t\t\t\t<div class=\"elementor-element elementor-element-db517e0 elementor-widget elementor-widget-image\" data-id=\"db517e0\" data-element_type=\"widget\" data-widget_type=\"image.default\">\n\t\t\t\t<div class=\"elementor-widget-container\">\n\t\t\t\t\t<div class=\"elementor-image\">\n\t\t\t\t\t\t\t\t\t\t<img width=\"1000\" height=\"750\" src=\"https:\/\/larapiette.fr\/wp-content\/uploads\/2021\/01\/location-vacances-gite-gimel-correze-9-1.jpg\" class=\"attachment-large size-large\" alt=\"jardin-location-gimel\" loading=\"lazy\" srcset=\"https:\/\/larapiette.fr\/wp-content\/uploads\/2021\/01\/location-vacances-gite-gimel-correze-9-1.jpg 1000w, https:\/\/larapiette.fr\/wp-content\/uploads\/2021\/01\/location-vacances-gite-gimel-correze-9-1-300x225.jpg 300w, https:\/\/larapiette.fr\/wp-content\/uploads\/2021\/01\/location-vacances-gite-gimel-correze-9-1-768x576.jpg 768w\" sizes=\"(max-width: 1000px) 100vw, 1000px\" \/>\t\t\t\t\t\t\t\t\t\t\t<\/div>\n\t\t\t\t<\/div>\n\t\t\t\t<\/div>\n\t\t\t\t\t\t<\/div>\n\t\t\t\t\t<\/div>\n\t\t<\/div>\n\t\t\t\t<div class=\"elementor-column elementor-col-33 elementor-top-column elementor-element elementor-element-vg807qt\" data-id=\"vg807qt\" data-element_type=\"column\">\n\t\t\t<div class=\"elementor-column-wrap elementor-element-populated\">\n\t\t\t\t\t\t\t<div class=\"elementor-widget-wrap\">\n\t\t\t\t\t\t<div class=\"elementor-element elementor-element-397c6de elementor-widget elementor-widget-text-editor\" data-id=\"397c6de\" data-element_type=\"widget\" data-widget_type=\"text-editor.default\">\n\t\t\t\t<div class=\"elementor-widget-container\">\n\t\t\t\t\t<div class=\"elementor-text-editor elementor-clearfix\"><p>Le terrain de 1000\u00a0m2 vous donnera acc\u00e8s au bord de la rivi\u00e8re \u00ab\u00a0La Montane\u00a0\u00bb en contrebas. Dans un large espace arbor\u00e9, vous appr\u00e9cierez le calme du lieu.<\/p><p>\u00a0<\/p><\/div>\n\t\t\t\t<\/div>\n\t\t\t\t<\/div>\n\t\t\t\t\t\t<\/div>\n\t\t\t\t\t<\/div>\n\t\t<\/div>\n\t\t\t\t<div class=\"elementor-column elementor-col-33 elementor-top-column elementor-element elementor-element-l6244pq\" data-id=\"l6244pq\" data-element_type=\"column\">\n\t\t\t<div class=\"elementor-column-wrap elementor-element-populated\">\n\t\t\t\t\t\t\t<div class=\"elementor-widget-wrap\">\n\t\t\t\t\t\t<div class=\"elementor-element elementor-element-f18c352 elementor-widget elementor-widget-image\" data-id=\"f18c352\" data-element_type=\"widget\" data-widget_type=\"image.default\">\n\t\t\t\t<div class=\"elementor-widget-container\">\n\t\t\t\t\t<div class=\"elementor-image\">\n\t\t\t\t\t\t\t\t\t\t<img width=\"768\" height=\"576\" src=\"https:\/\/larapiette.fr\/wp-content\/uploads\/2021\/01\/montane-riviere-sauvage-2.jpg\" class=\"attachment-medium_large size-medium_large\" alt=\"promenade-peche-riviere\" loading=\"lazy\" srcset=\"https:\/\/larapiette.fr\/wp-content\/uploads\/2021\/01\/montane-riviere-sauvage-2.jpg 768w, https:\/\/larapiette.fr\/wp-content\/uploads\/2021\/01\/montane-riviere-sauvage-2-300x225.jpg 300w\" sizes=\"(max-width: 768px) 100vw, 768px\" \/>\t\t\t\t\t\t\t\t\t\t\t<\/div>\n\t\t\t\t<\/div>\n\t\t\t\t<\/div>\n\t\t\t\t\t\t<\/div>\n\t\t\t\t\t<\/div>\n\t\t<\/div>\n\t\t\t\t\t\t\t\t<\/div>\n\t\t\t\t\t<\/div>\n\t\t<\/section>\n\t\t\t\t<section class=\"elementor-section elementor-top-section elementor-element elementor-element-a48fc93 elementor-section-boxed elementor-section-height-default elementor-section-height-default\" data-id=\"a48fc93\" data-element_type=\"section\">\n\t\t\t\t\t\t<div class=\"elementor-container elementor-column-gap-default\">\n\t\t\t\t\t\t\t<div class=\"elementor-row\">\n\t\t\t\t\t<div class=\"elementor-column elementor-col-20 elementor-top-column elementor-element elementor-element-c1337b8\" data-id=\"c1337b8\" data-element_type=\"column\">\n\t\t\t<div class=\"elementor-column-wrap elementor-element-populated\">\n\t\t\t\t\t\t\t<div class=\"elementor-widget-wrap\">\n\t\t\t\t\t\t<div class=\"elementor-element elementor-element-6026e2d elementor-widget elementor-widget-image\" data-id=\"6026e2d\" data-element_type=\"widget\" data-widget_type=\"image.default\">\n\t\t\t\t<div class=\"elementor-widget-container\">\n\t\t\t\t\t<div class=\"elementor-image\">\n\t\t\t\t\t\t\t\t\t\t<img width=\"576\" height=\"768\" src=\"https:\/\/larapiette.fr\/wp-content\/uploads\/2021\/01\/location-vacances-terrasse-gimel-correze.jpg\" class=\"attachment-large size-large\" alt=\"gite-correze-cascades-\" loading=\"lazy\" srcset=\"https:\/\/larapiette.fr\/wp-content\/uploads\/2021\/01\/location-vacances-terrasse-gimel-correze.jpg 576w, https:\/\/larapiette.fr\/wp-content\/uploads\/2021\/01\/location-vacances-terrasse-gimel-correze-225x300.jpg 225w\" sizes=\"(max-width: 576px) 100vw, 576px\" \/>\t\t\t\t\t\t\t\t\t\t\t<\/div>\n\t\t\t\t<\/div>\n\t\t\t\t<\/div>\n\t\t\t\t\t\t<\/div>\n\t\t\t\t\t<\/div>\n\t\t<\/div>\n\t\t\t\t<div class=\"elementor-column elementor-col-20 elementor-top-column elementor-element elementor-element-cc7a87c\" data-id=\"cc7a87c\" data-element_type=\"column\">\n\t\t\t<div class=\"elementor-column-wrap elementor-element-populated\">\n\t\t\t\t\t\t\t<div class=\"elementor-widget-wrap\">\n\t\t\t\t\t\t<div class=\"elementor-element elementor-element-80ab716 elementor-widget elementor-widget-image\" data-id=\"80ab716\" data-element_type=\"widget\" data-widget_type=\"image.default\">\n\t\t\t\t<div class=\"elementor-widget-container\">\n\t\t\t\t\t<div class=\"elementor-image\">\n\t\t\t\t\t\t\t\t\t\t<img width=\"576\" height=\"768\" src=\"https:\/\/larapiette.fr\/wp-content\/uploads\/2021\/01\/village-gimel-tourisme-2.jpg\" class=\"attachment-large size-large\" alt=\"\" loading=\"lazy\" srcset=\"https:\/\/larapiette.fr\/wp-content\/uploads\/2021\/01\/village-gimel-tourisme-2.jpg 576w, https:\/\/larapiette.fr\/wp-content\/uploads\/2021\/01\/village-gimel-tourisme-2-225x300.jpg 225w\" sizes=\"(max-width: 576px) 100vw, 576px\" \/>\t\t\t\t\t\t\t\t\t\t\t<\/div>\n\t\t\t\t<\/div>\n\t\t\t\t<\/div>\n\t\t\t\t\t\t<\/div>\n\t\t\t\t\t<\/div>\n\t\t<\/div>\n\t\t\t\t<div class=\"elementor-column elementor-col-20 elementor-top-column elementor-element elementor-element-72660fc\" data-id=\"72660fc\" data-element_type=\"column\">\n\t\t\t<div class=\"elementor-column-wrap elementor-element-populated\">\n\t\t\t\t\t\t\t<div class=\"elementor-widget-wrap\">\n\t\t\t\t\t\t<div class=\"elementor-element elementor-element-a2300f4 elementor-widget elementor-widget-text-editor\" data-id=\"a2300f4\" data-element_type=\"widget\" data-widget_type=\"text-editor.default\">\n\t\t\t\t<div class=\"elementor-widget-container\">\n\t\t\t\t\t<div class=\"elementor-text-editor elementor-clearfix\"><p>Vous d\u00e9couvrirez les charmes du site de Gimel et de ses cascades, un tr\u00e9sor jalousement conserv\u00e9 qui conjugue magie, vertige, beaut\u00e9, po\u00e9sie et insolite.<\/p><\/div>\n\t\t\t\t<\/div>\n\t\t\t\t<\/div>\n\t\t\t\t\t\t<\/div>\n\t\t\t\t\t<\/div>\n\t\t<\/div>\n\t\t\t\t<div class=\"elementor-column elementor-col-20 elementor-top-column elementor-element elementor-element-cf2ccb4\" data-id=\"cf2ccb4\" data-element_type=\"column\">\n\t\t\t<div class=\"elementor-column-wrap elementor-element-populated\">\n\t\t\t\t\t\t\t<div class=\"elementor-widget-wrap\">\n\t\t\t\t\t\t<div class=\"elementor-element elementor-element-5e59a62 elementor-widget elementor-widget-image\" data-id=\"5e59a62\" data-element_type=\"widget\" data-widget_type=\"image.default\">\n\t\t\t\t<div class=\"elementor-widget-container\">\n\t\t\t\t\t<div class=\"elementor-image\">\n\t\t\t\t\t\t\t\t\t\t<img width=\"576\" height=\"768\" src=\"https:\/\/larapiette.fr\/wp-content\/uploads\/2021\/01\/village-gimel-tourisme.jpg\" class=\"attachment-large size-large\" alt=\"\" loading=\"lazy\" srcset=\"https:\/\/larapiette.fr\/wp-content\/uploads\/2021\/01\/village-gimel-tourisme.jpg 576w, https:\/\/larapiette.fr\/wp-content\/uploads\/2021\/01\/village-gimel-tourisme-225x300.jpg 225w\" sizes=\"(max-width: 576px) 100vw, 576px\" \/>\t\t\t\t\t\t\t\t\t\t\t<\/div>\n\t\t\t\t<\/div>\n\t\t\t\t<\/div>\n\t\t\t\t\t\t<\/div>\n\t\t\t\t\t<\/div>\n\t\t<\/div>\n\t\t\t\t<div class=\"elementor-column elementor-col-20 elementor-top-column elementor-element elementor-element-8157a2f\" data-id=\"8157a2f\" data-element_type=\"column\">\n\t\t\t<div class=\"elementor-column-wrap elementor-element-populated\">\n\t\t\t\t\t\t\t<div class=\"elementor-widget-wrap\">\n\t\t\t\t\t\t<div class=\"elementor-element elementor-element-3e8aed4 elementor-widget elementor-widget-image\" data-id=\"3e8aed4\" data-element_type=\"widget\" data-widget_type=\"image.default\">\n\t\t\t\t<div class=\"elementor-widget-container\">\n\t\t\t\t\t<div class=\"elementor-image\">\n\t\t\t\t\t\t\t\t\t\t<img width=\"750\" height=\"1000\" src=\"https:\/\/larapiette.fr\/wp-content\/uploads\/2021\/01\/IMG_6858.jpg\" class=\"attachment-large size-large\" alt=\"promenade-tourime-correze-gimel\" loading=\"lazy\" srcset=\"https:\/\/larapiette.fr\/wp-content\/uploads\/2021\/01\/IMG_6858.jpg 750w, https:\/\/larapiette.fr\/wp-content\/uploads\/2021\/01\/IMG_6858-225x300.jpg 225w\" sizes=\"(max-width: 750px) 100vw, 750px\" \/>\t\t\t\t\t\t\t\t\t\t\t<\/div>\n\t\t\t\t<\/div>\n\t\t\t\t<\/div>\n\t\t\t\t\t\t<\/div>\n\t\t\t\t\t<\/div>\n\t\t<\/div>\n\t\t\t\t\t\t\t\t<\/div>\n\t\t\t\t\t<\/div>\n\t\t<\/section>\n\t\t\t\t<section class=\"elementor-section elementor-top-section elementor-element elementor-element-60e3w3i elementor-section-full_width elementor-section-height-default elementor-section-height-default\" data-id=\"60e3w3i\" data-element_type=\"section\">\n\t\t\t\t\t\t<div class=\"elementor-container elementor-column-gap-default\">\n\t\t\t\t\t\t\t<div class=\"elementor-row\">\n\t\t\t\t\t<div class=\"elementor-column elementor-col-100 elementor-top-column elementor-element elementor-element-9b1g2rt\" data-id=\"9b1g2rt\" data-element_type=\"column\">\n\t\t\t<div class=\"elementor-column-wrap elementor-element-populated\">\n\t\t\t\t\t\t\t<div class=\"elementor-widget-wrap\">\n\t\t\t\t\t\t<div class=\"elementor-element elementor-element-tzdl3u2 elementor-align-center full-btn elementor-widget elementor-widget-button\" data-id=\"tzdl3u2\" data-element_type=\"widget\" data-widget_type=\"button.default\">\n\t\t\t\t<div class=\"elementor-widget-container\">\n\t\t\t\t\t<div class=\"elementor-button-wrapper\">\n\t\t\t<a href=\"https:\/\/larapiette.fr\/index.php\/tarifs-et-disponibilites\/\" class=\"elementor-button-link elementor-button elementor-size-sm\" role=\"button\">\n\t\t\t\t\t\t<span class=\"elementor-button-content-wrapper\">\n\t\t\t\t\t\t<span class=\"elementor-button-text\">Tarifs et disponibilit\u00e9s<\/span>\n\t\t<\/span>\n\t\t\t\t\t<\/a>\n\t\t<\/div>\n\t\t\t\t<\/div>\n\t\t\t\t<\/div>\n\t\t\t\t\t\t<\/div>\n\t\t\t\t\t<\/div>\n\t\t<\/div>\n\t\t\t\t\t\t\t\t<\/div>\n\t\t\t\t\t<\/div>\n\t\t<\/section>\n\t\t\t\t\t\t<\/div>\n\t\t\t\t\t\t<\/div>\n\t\t\t\t\t<\/div>\n\t\t","protected":false},"excerpt":{"rendered":"<p>G\u00eete La Rapiette Vacances au c\u0153ur de la Corr\u00e8ze \u00e0 Gimel les Cascades Tarifs et disponibilit\u00e9s Bienvenue \u00e0 la Rapiette, jolie maison de caract\u00e8re nich\u00e9e dans la verdure, id\u00e9alement situ\u00e9e au coeur\u00a0 de la Corr\u00e8ze, \u00e0 Gimel les Cascades, l&rsquo;un des plus beaux villages du Limousin. La Rapiette (mot occitan d\u00e9signant les petits l\u00e9zards du [&hellip;]<\/p>\n","protected":false},"author":1,"featured_media":0,"parent":0,"menu_order":0,"comment_status":"closed","ping_status":"closed","template":"","meta":[],"_links":{"self":[{"href":"https:\/\/larapiette.fr\/index.php\/wp-json\/wp\/v2\/pages\/171"}],"collection":[{"href":"https:\/\/larapiette.fr\/index.php\/wp-json\/wp\/v2\/pages"}],"about":[{"href":"https:\/\/larapiette.fr\/index.php\/wp-json\/wp\/v2\/types\/page"}],"author":[{"embeddable":true,"href":"https:\/\/larapiette.fr\/index.php\/wp-json\/wp\/v2\/users\/1"}],"replies":[{"embeddable":true,"href":"https:\/\/larapiette.fr\/index.php\/wp-json\/wp\/v2\/comments?post=171"}],"version-history":[{"count":87,"href":"https:\/\/larapiette.fr\/index.php\/wp-json\/wp\/v2\/pages\/171\/revisions"}],"predecessor-version":[{"id":1003,"href":"https:\/\/larapiette.fr\/index.php\/wp-json\/wp\/v2\/pages\/171\/revisions\/1003"}],"wp:attachment":[{"href":"https:\/\/larapiette.fr\/index.php\/wp-json\/wp\/v2\/media?parent=171"}],"curies":[{"name":"wp","href":"https:\/\/api.w.org\/{rel}","templated":true}]}}